{"id":1385,"date":"2021-09-24T19:25:51","date_gmt":"2021-09-24T17:25:51","guid":{"rendered":"https:\/\/florilege.it\/manifesto\/"},"modified":"2021-09-24T22:36:17","modified_gmt":"2021-09-24T20:36:17","slug":"manifesto","status":"publish","type":"page","link":"https:\/\/florilege.it\/en\/manifesto\/","title":{"rendered":"Manifesto"},"content":{"rendered":"<p>[et_pb_section fb_built=&#8221;1&#8243; admin_label=&#8221;Sezione&#8221; _builder_version=&#8221;4.9.10&#8243; _module_preset=&#8221;default&#8221; vertical_offset=&#8221;-80px&#8221; custom_margin=&#8221;0px||-80px||false|false&#8221; custom_padding=&#8221;0px||0px||true|false&#8221; global_colors_info=&#8221;{}&#8221;][et_pb_row _builder_version=&#8221;4.9.10&#8243; _module_preset=&#8221;default&#8221; width=&#8221;100%&#8221; max_width=&#8221;100%&#8221; custom_margin=&#8221;||||false|false&#8221; custom_padding=&#8221;0px||0px||true|false&#8221; global_colors_info=&#8221;{}&#8221;][et_pb_column type=&#8221;4_4&#8243; _builder_version=&#8221;4.9.10&#8243; _module_preset=&#8221;default&#8221; global_colors_info=&#8221;{}&#8221;][et_pb_slider module_class=&#8221;no-loop&#8221; _builder_version=&#8221;4.9.10&#8243; _module_preset=&#8221;default&#8221; height=&#8221;100vh&#8221; custom_margin=&#8221;||||false|false&#8221; auto=&#8221;on&#8221; auto_ignore_hover=&#8221;on&#8221; global_colors_info=&#8221;{}&#8221;][et_pb_slide _builder_version=&#8221;4.9.10&#8243; _module_preset=&#8221;default&#8221; background_image=&#8221;https:\/\/florilege.it\/wp-content\/uploads\/Bkg-image.jpg&#8221; background_enable_image=&#8221;on&#8221; parallax=&#8221;on&#8221; global_colors_info=&#8221;{}&#8221; sticky_transition=&#8221;on&#8221;]<\/p>\n<h1><em>The Floril\u00e8ge Manifesto<\/em><\/h1>\n<p>[\/et_pb_slide][\/et_pb_slider][\/et_pb_column][\/et_pb_row][\/et_pb_section][et_pb_section fb_built=&#8221;1&#8243; custom_padding_last_edited=&#8221;on|phone&#8221; _builder_version=&#8221;4.9.10&#8243; _module_preset=&#8221;default&#8221; background_color=&#8221;#FFFFFF&#8221; custom_padding=&#8221;8%||8%||true|false&#8221; custom_padding_tablet=&#8221;&#8221; custom_padding_phone=&#8221;||16%||false|false&#8221; global_colors_info=&#8221;{}&#8221;][et_pb_row _builder_version=&#8221;4.9.10&#8243; _module_preset=&#8221;default&#8221; width=&#8221;40%&#8221; width_tablet=&#8221;70%&#8221; width_phone=&#8221;80%&#8221; width_last_edited=&#8221;on|phone&#8221; max_width=&#8221;40%&#8221; max_width_tablet=&#8221;70%&#8221; max_width_phone=&#8221;80%&#8221; max_width_last_edited=&#8221;on|tablet&#8221; animation_style=&#8221;fade&#8221; global_colors_info=&#8221;{}&#8221;][et_pb_column type=&#8221;4_4&#8243; _builder_version=&#8221;4.9.10&#8243; _module_preset=&#8221;default&#8221; global_colors_info=&#8221;{}&#8221;][et_pb_text content_phone=&#8221;<\/p>\n<p style=%22text-align: left;%22><strong>Floril\u00e8gio<\/strong> n. &#91;from Renaissance Latin florilegium, combination of Latin flos floris \u2018flower\u2019 and theme of leg\u0115re \u2018to seize\u2019, from the Greek \u1f00\u03bd\u03b8\u03bf\u03bb\u03bf\u03b3\u03af\u03b1&#93;. \u2013 Selection of works or excerpts from works of one or more writers collected in a volume; anthology: of lyric poets of the sixteenth century; of Orlando Furioso; romantic.<\/p>\n<p>&#8221; content_last_edited=&#8221;off|desktop&#8221; _builder_version=&#8221;4.10.8&#8243; background_size=&#8221;initial&#8221; background_position=&#8221;top_left&#8221; background_repeat=&#8221;repeat&#8221; text_orientation=&#8221;center&#8221; text_orientation_tablet=&#8221;&#8221; text_orientation_phone=&#8221;left&#8221; text_orientation_last_edited=&#8221;on|phone&#8221; global_colors_info=&#8221;{}&#8221;]<\/p>\n<p><strong>Floril\u00e8gio<\/strong> n. [from Renaissance Latin florilegium, combination of Latin flos floris \u2018flower\u2019 and theme of leg\u0115re \u2018to seize\u2019, from the Greek \u1f00\u03bd\u03b8\u03bf\u03bb\u03bf\u03b3\u03af\u03b1]. \u2013 Selection of works or excerpts from works of one or more writers collected in a volume; anthology: of lyric poets of the sixteenth century; of Orlando Furioso; romantic.<\/p>\n<p>[\/et_pb_text][\/et_pb_column][\/et_pb_row][\/et_pb_section][et_pb_section fb_built=&#8221;1&#8243; custom_padding_last_edited=&#8221;on|phone&#8221; _builder_version=&#8221;4.9.10&#8243; _module_preset=&#8221;default&#8221; background_color=&#8221;RGBA(0,0,0,0)&#8221; custom_margin=&#8221;||||false|false&#8221; custom_margin_phone=&#8221;-12%||0px||false|false&#8221; custom_margin_last_edited=&#8221;off|desktop&#8221; custom_padding=&#8221;2%||8%||false|false&#8221; custom_padding_tablet=&#8221;&#8221; custom_padding_phone=&#8221;2%||14%||false|false&#8221; animation_direction=&#8221;left&#8221; locked=&#8221;off&#8221; global_colors_info=&#8221;{}&#8221;][et_pb_row column_structure=&#8221;1_2,1_2&#8243; use_custom_gutter=&#8221;on&#8221; make_equal=&#8221;on&#8221; custom_padding_last_edited=&#8221;off|tablet&#8221; _builder_version=&#8221;4.9.10&#8243; _module_preset=&#8221;default&#8221; background_enable_image=&#8221;off&#8221; width=&#8221;90%&#8221; width_tablet=&#8221;70%&#8221; width_phone=&#8221;80%&#8221; width_last_edited=&#8221;on|phone&#8221; max_width=&#8221;80%&#8221; module_alignment=&#8221;center&#8221; custom_padding=&#8221;||||false|false&#8221; custom_padding_phone=&#8221;34%||34%||true|false&#8221; animation_direction=&#8221;left&#8221; sticky_limit_bottom=&#8221;section&#8221; custom_css_main_element=&#8221;display: flex;||flex-wrap: wrap;&#8221; global_colors_info=&#8221;{}&#8221;][et_pb_column type=&#8221;1_2&#8243; _builder_version=&#8221;4.9.10&#8243; _module_preset=&#8221;default&#8221; background_enable_image=&#8221;off&#8221; animation_style=&#8221;slide&#8221; animation_direction=&#8221;left&#8221; animation_delay=&#8221;300ms&#8221; animation_intensity_slide=&#8221;4%&#8221; custom_css_main_element=&#8221;margin:auto;||||&#8221; global_colors_info=&#8221;{}&#8221; custom_css_main_element_last_edited=&#8221;on|phone&#8221; custom_css_main_element_tablet=&#8221;order:1;&#8221; custom_css_main_element_phone=&#8221;order:1;&#8221;][et_pb_image src=&#8221;https:\/\/florilege.it\/wp-content\/uploads\/Foto.jpg&#8221; alt=&#8221;The Floril\u00e8ge Manifesto&#8221; title_text=&#8221;The Floril\u00e8ge Manifesto&#8221; align=&#8221;center&#8221; _builder_version=&#8221;4.9.10&#8243; _module_preset=&#8221;default&#8221; custom_margin_tablet=&#8221;&#8221; custom_margin_phone=&#8221;||20px||false|false&#8221; custom_margin_last_edited=&#8221;on|phone&#8221; global_colors_info=&#8221;{}&#8221;][\/et_pb_image][\/et_pb_column][et_pb_column type=&#8221;1_2&#8243; _builder_version=&#8221;4.9.10&#8243; _module_preset=&#8221;default&#8221; background_enable_image=&#8221;off&#8221; animation_style=&#8221;slide&#8221; animation_direction=&#8221;right&#8221; animation_delay=&#8221;300ms&#8221; animation_intensity_slide=&#8221;4%&#8221; custom_css_main_element=&#8221;margin:auto;||order:1;&#8221; global_colors_info=&#8221;{}&#8221;][et_pb_text _builder_version=&#8221;4.10.8&#8243; _module_preset=&#8221;default&#8221; custom_margin=&#8221;||10px||false|false&#8221; custom_margin_tablet=&#8221;30px||||false|false&#8221; custom_margin_phone=&#8221;&#8221; custom_margin_last_edited=&#8221;on|tablet&#8221; global_colors_info=&#8221;{}&#8221;]<\/p>\n<h2>The Floril\u00e8ge Manifesto<\/h2>\n<p>[\/et_pb_text][et_pb_text _builder_version=&#8221;4.10.8&#8243; _module_preset=&#8221;default&#8221; global_colors_info=&#8221;{}&#8221;]<\/p>\n<p>Floril\u00e8ge is a word that originated a few centuries ago and has a very specific meaning: the collection of flowers. It derives from the union of two evocative Latin terms: floris \u2018flowers\u2019 and leg\u00e8re \u2018to pick\u2019. After the 18th century, it was endowed with a new meaning, that of \u2018anthology\u2019, i.e. the selection of precious works and pieces by selected artists.<br \/>\n<br \/>\nThis is why Floril\u00e8ge de Vie sees itself as a treasure chest, a precious container magically filled with living and intense experiences \u2013 not just Collections, but an entire world that communicates elegance, care, excellence and sincerity.<\/p>\n<p>[\/et_pb_text][et_pb_button button_url=&#8221;\/en\/about-us&#8221; button_text=&#8221;About us&#8221; module_class=&#8221;pinkButton&#8221; _builder_version=&#8221;4.10.8&#8243; _module_preset=&#8221;default&#8221; custom_button=&#8221;on&#8221; button_text_color=&#8221;#FFFFFF&#8221; button_border_width=&#8221;0px&#8221; button_use_icon=&#8221;off&#8221; custom_margin=&#8221;30px||||false|false&#8221; custom_padding=&#8221;12px|28px|12px|28px|true|true&#8221; hover_enabled=&#8221;0&#8243; global_colors_info=&#8221;{}&#8221; button_text_color__hover_enabled=&#8221;on|desktop&#8221; button_text_color__hover=&#8221;#FFFFFF&#8221; sticky_enabled=&#8221;0&#8243;][\/et_pb_button][\/et_pb_column][\/et_pb_row][\/et_pb_section][et_pb_section fb_built=&#8221;1&#8243; custom_padding_last_edited=&#8221;on|phone&#8221; _builder_version=&#8221;4.9.10&#8243; _module_preset=&#8221;default&#8221; background_color=&#8221;#c9a0a7&#8243; custom_padding=&#8221;8%||8%||true|false&#8221; custom_padding_tablet=&#8221;&#8221; custom_padding_phone=&#8221;12%||12%||true|false&#8221; global_colors_info=&#8221;{}&#8221;][et_pb_row column_structure=&#8221;1_3,1_3,1_3&#8243; use_custom_gutter=&#8221;on&#8221; gutter_width=&#8221;4&#8243; _builder_version=&#8221;4.10.8&#8243; _module_preset=&#8221;default&#8221; max_width=&#8221;80%&#8221; module_alignment=&#8221;center&#8221; global_colors_info=&#8221;{}&#8221;][et_pb_column type=&#8221;1_3&#8243; _builder_version=&#8221;4.9.10&#8243; _module_preset=&#8221;default&#8221; global_colors_info=&#8221;{}&#8221;][et_pb_blurb title=&#8221;AUTHENTICITY&#8221; image=&#8221;https:\/\/florilege.it\/wp-content\/uploads\/icon1.svg&#8221; image_max_width=&#8221;16%&#8221; image_max_width_tablet=&#8221;12%&#8221; image_max_width_phone=&#8221;18%&#8221; image_max_width_last_edited=&#8221;on|desktop&#8221; _builder_version=&#8221;4.10.8&#8243; _module_preset=&#8221;default&#8221; header_text_align=&#8221;center&#8221; header_text_color=&#8221;#FFFFFF&#8221; header_font_size=&#8221;24px&#8221; body_text_align=&#8221;center&#8221; body_text_color=&#8221;#FFFFFF&#8221; custom_margin_tablet=&#8221;||30px||false|false&#8221; custom_margin_phone=&#8221;&#8221; custom_margin_last_edited=&#8221;on|tablet&#8221; global_colors_info=&#8221;{}&#8221;]<\/p>\n<p>bringing out the truth in everything, rediscovering the artistic and social values of moments, places and materials<\/p>\n<p>[\/et_pb_blurb][\/et_pb_column][et_pb_column type=&#8221;1_3&#8243; _builder_version=&#8221;4.9.10&#8243; _module_preset=&#8221;default&#8221; global_colors_info=&#8221;{}&#8221;][et_pb_blurb title=&#8221;CREATIVITY&#8221; image=&#8221;https:\/\/florilege.it\/wp-content\/uploads\/Icon2.svg&#8221; image_max_width=&#8221;17%&#8221; image_max_width_tablet=&#8221;12%&#8221; image_max_width_phone=&#8221;18%&#8221; image_max_width_last_edited=&#8221;on|desktop&#8221; _builder_version=&#8221;4.10.8&#8243; _module_preset=&#8221;default&#8221; header_text_align=&#8221;center&#8221; header_text_color=&#8221;#FFFFFF&#8221; header_font_size=&#8221;24px&#8221; body_text_align=&#8221;center&#8221; body_text_color=&#8221;#FFFFFF&#8221; custom_margin_tablet=&#8221;||30px||false|false&#8221; custom_margin_phone=&#8221;&#8221; custom_margin_last_edited=&#8221;on|tablet&#8221; global_colors_info=&#8221;{}&#8221;]pushing the boundaries of the known through the power of invention and imagination and the combination of passion and skill[\/et_pb_blurb][\/et_pb_column][et_pb_column type=&#8221;1_3&#8243; _builder_version=&#8221;4.9.10&#8243; _module_preset=&#8221;default&#8221; global_colors_info=&#8221;{}&#8221;][et_pb_blurb title=&#8221;ORIGINALITY&#8221; image=&#8221;https:\/\/florilege.it\/wp-content\/uploads\/Icon3.svg&#8221; image_max_width=&#8221;16%&#8221; image_max_width_tablet=&#8221;12%&#8221; image_max_width_phone=&#8221;18%&#8221; image_max_width_last_edited=&#8221;on|tablet&#8221; _builder_version=&#8221;4.10.8&#8243; _module_preset=&#8221;default&#8221; header_text_align=&#8221;center&#8221; header_text_color=&#8221;#FFFFFF&#8221; header_font_size=&#8221;24px&#8221; body_text_align=&#8221;center&#8221; body_text_color=&#8221;#FFFFFF&#8221; global_colors_info=&#8221;{}&#8221;]balancing the past and the future, innovatively interpreting ancient techniques to create unique and unexpected objects[\/et_pb_blurb][\/et_pb_column][\/et_pb_row][\/et_pb_section]<\/p>\n","protected":false},"excerpt":{"rendered":"<p>The Floril\u00e8ge ManifestoFloril\u00e8gio n. [from Renaissance Latin florilegium, combination of Latin flos floris \u2018flower\u2019 and theme of leg\u0115re \u2018to seize\u2019, from the Greek \u1f00\u03bd\u03b8\u03bf\u03bb\u03bf\u03b3\u03af\u03b1]. \u2013 Selection of works or excerpts from works of one or more writers collected in a volume; anthology: of lyric poets of the sixteenth century; of Orlando Furioso; romantic.The Floril\u00e8ge ManifestoFloril\u00e8ge is a word that originated a few centuries ago and has a very specific meaning: the collection of flowers. It derives from the union of two evocative Latin terms: floris \u2018flowers\u2019 and leg\u00e8re \u2018to pick\u2019. After the 18th century, it was endowed with a new meaning, that of \u2018anthology\u2019, i.e. the selection of precious works and pieces by selected artists. This is why Floril\u00e8ge de Vie sees itself as a treasure chest, a precious container magically filled with living and intense experiences \u2013 not just Collections, but an entire world that communicates elegance, care, excellence and sincerity.bringing out the truth in everything, rediscovering the artistic and social values of moments, places and materialspushing the boundaries of the known through the power of invention and imagination and the combination of passion and skillbalancing the past and the future, innovatively interpreting ancient techniques to create unique and [&hellip;]<\/p>\n","protected":false},"author":1,"featured_media":0,"parent":0,"menu_order":0,"comment_status":"closed","ping_status":"closed","template":"","meta":{"_et_pb_use_builder":"on","_et_pb_old_content":"","_et_gb_content_width":"","footnotes":""},"class_list":["post-1385","page","type-page","status-publish","hentry"],"yoast_head":"<!-- This site is optimized with the Yoast SEO plugin v27.4 - https:\/\/yoast.com\/product\/yoast-seo-wordpress\/ -->\n<title>Manifesto &#8902; Floril\u00e8ge de Vie<\/title>\n<meta name=\"robots\" content=\"index, follow, max-snippet:-1, max-image-preview:large, max-video-preview:-1\" \/>\n<link rel=\"canonical\" href=\"https:\/\/florilege.it\/en\/manifesto\/\" \/>\n<meta property=\"og:locale\" content=\"en_US\" \/>\n<meta property=\"og:type\" content=\"article\" \/>\n<meta property=\"og:title\" content=\"Manifesto &#8902; Floril\u00e8ge de Vie\" \/>\n<meta property=\"og:description\" content=\"The Floril\u00e8ge ManifestoFloril\u00e8gio n. [from Renaissance Latin florilegium, combination of Latin flos floris \u2018flower\u2019 and theme of leg\u0115re \u2018to seize\u2019, from the Greek \u1f00\u03bd\u03b8\u03bf\u03bb\u03bf\u03b3\u03af\u03b1]. \u2013 Selection of works or excerpts from works of one or more writers collected in a volume; anthology: of lyric poets of the sixteenth century; of Orlando Furioso; romantic.The Floril\u00e8ge ManifestoFloril\u00e8ge is a word that originated a few centuries ago and has a very specific meaning: the collection of flowers. It derives from the union of two evocative Latin terms: floris \u2018flowers\u2019 and leg\u00e8re \u2018to pick\u2019. After the 18th century, it was endowed with a new meaning, that of \u2018anthology\u2019, i.e. the selection of precious works and pieces by selected artists. This is why Floril\u00e8ge de Vie sees itself as a treasure chest, a precious container magically filled with living and intense experiences \u2013 not just Collections, but an entire world that communicates elegance, care, excellence and sincerity.bringing out the truth in everything, rediscovering the artistic and social values of moments, places and materialspushing the boundaries of the known through the power of invention and imagination and the combination of passion and skillbalancing the past and the future, innovatively interpreting ancient techniques to create unique and [&hellip;]\" \/>\n<meta property=\"og:url\" content=\"https:\/\/florilege.it\/en\/manifesto\/\" \/>\n<meta property=\"og:site_name\" content=\"Floril\u00e8ge de Vie\" \/>\n<meta property=\"article:publisher\" content=\"https:\/\/www.facebook.com\/florilegedevie\" \/>\n<meta property=\"article:modified_time\" content=\"2021-09-24T20:36:17+00:00\" \/>\n<meta name=\"twitter:card\" content=\"summary_large_image\" \/>\n<meta name=\"twitter:label1\" content=\"Est. reading time\" \/>\n\t<meta name=\"twitter:data1\" content=\"6 minutes\" \/>\n<script type=\"application\/ld+json\" class=\"yoast-schema-graph\">{\"@context\":\"https:\\\/\\\/schema.org\",\"@graph\":[{\"@type\":\"WebPage\",\"@id\":\"https:\\\/\\\/florilege.it\\\/en\\\/manifesto\\\/\",\"url\":\"https:\\\/\\\/florilege.it\\\/en\\\/manifesto\\\/\",\"name\":\"Manifesto &#8902; Floril\u00e8ge de Vie\",\"isPartOf\":{\"@id\":\"https:\\\/\\\/florilege.it\\\/#website\"},\"datePublished\":\"2021-09-24T17:25:51+00:00\",\"dateModified\":\"2021-09-24T20:36:17+00:00\",\"breadcrumb\":{\"@id\":\"https:\\\/\\\/florilege.it\\\/en\\\/manifesto\\\/#breadcrumb\"},\"inLanguage\":\"en-US\",\"potentialAction\":[{\"@type\":\"ReadAction\",\"target\":[\"https:\\\/\\\/florilege.it\\\/en\\\/manifesto\\\/\"]}]},{\"@type\":\"BreadcrumbList\",\"@id\":\"https:\\\/\\\/florilege.it\\\/en\\\/manifesto\\\/#breadcrumb\",\"itemListElement\":[{\"@type\":\"ListItem\",\"position\":1,\"name\":\"Home\",\"item\":\"https:\\\/\\\/florilege.it\\\/en\\\/\"},{\"@type\":\"ListItem\",\"position\":2,\"name\":\"Manifesto\"}]},{\"@type\":\"WebSite\",\"@id\":\"https:\\\/\\\/florilege.it\\\/#website\",\"url\":\"https:\\\/\\\/florilege.it\\\/\",\"name\":\"Floril\u00e8ge de Vie\",\"description\":\"\",\"publisher\":{\"@id\":\"https:\\\/\\\/florilege.it\\\/#organization\"},\"potentialAction\":[{\"@type\":\"SearchAction\",\"target\":{\"@type\":\"EntryPoint\",\"urlTemplate\":\"https:\\\/\\\/florilege.it\\\/?s={search_term_string}\"},\"query-input\":{\"@type\":\"PropertyValueSpecification\",\"valueRequired\":true,\"valueName\":\"search_term_string\"}}],\"inLanguage\":\"en-US\"},{\"@type\":\"Organization\",\"@id\":\"https:\\\/\\\/florilege.it\\\/#organization\",\"name\":\"Floril\u00e8ge de Vie | Jewels\",\"url\":\"https:\\\/\\\/florilege.it\\\/\",\"logo\":{\"@type\":\"ImageObject\",\"inLanguage\":\"en-US\",\"@id\":\"https:\\\/\\\/florilege.it\\\/#\\\/schema\\\/logo\\\/image\\\/\",\"url\":\"https:\\\/\\\/florilege.it\\\/wp-content\\\/uploads\\\/2021\\\/07\\\/florilege-logo-purple.png\",\"contentUrl\":\"https:\\\/\\\/florilege.it\\\/wp-content\\\/uploads\\\/2021\\\/07\\\/florilege-logo-purple.png\",\"width\":605,\"height\":146,\"caption\":\"Floril\u00e8ge de Vie | Jewels\"},\"image\":{\"@id\":\"https:\\\/\\\/florilege.it\\\/#\\\/schema\\\/logo\\\/image\\\/\"},\"sameAs\":[\"https:\\\/\\\/www.facebook.com\\\/florilegedevie\",\"https:\\\/\\\/www.instagram.com\\\/florilegedevie\\\/\"]}]}<\/script>\n<!-- \/ Yoast SEO plugin. -->","yoast_head_json":{"title":"Manifesto &#8902; Floril\u00e8ge de Vie","robots":{"index":"index","follow":"follow","max-snippet":"max-snippet:-1","max-image-preview":"max-image-preview:large","max-video-preview":"max-video-preview:-1"},"canonical":"https:\/\/florilege.it\/en\/manifesto\/","og_locale":"en_US","og_type":"article","og_title":"Manifesto &#8902; Floril\u00e8ge de Vie","og_description":"The Floril\u00e8ge ManifestoFloril\u00e8gio n. [from Renaissance Latin florilegium, combination of Latin flos floris \u2018flower\u2019 and theme of leg\u0115re \u2018to seize\u2019, from the Greek \u1f00\u03bd\u03b8\u03bf\u03bb\u03bf\u03b3\u03af\u03b1]. \u2013 Selection of works or excerpts from works of one or more writers collected in a volume; anthology: of lyric poets of the sixteenth century; of Orlando Furioso; romantic.The Floril\u00e8ge ManifestoFloril\u00e8ge is a word that originated a few centuries ago and has a very specific meaning: the collection of flowers. It derives from the union of two evocative Latin terms: floris \u2018flowers\u2019 and leg\u00e8re \u2018to pick\u2019. After the 18th century, it was endowed with a new meaning, that of \u2018anthology\u2019, i.e. the selection of precious works and pieces by selected artists. This is why Floril\u00e8ge de Vie sees itself as a treasure chest, a precious container magically filled with living and intense experiences \u2013 not just Collections, but an entire world that communicates elegance, care, excellence and sincerity.bringing out the truth in everything, rediscovering the artistic and social values of moments, places and materialspushing the boundaries of the known through the power of invention and imagination and the combination of passion and skillbalancing the past and the future, innovatively interpreting ancient techniques to create unique and [&hellip;]","og_url":"https:\/\/florilege.it\/en\/manifesto\/","og_site_name":"Floril\u00e8ge de Vie","article_publisher":"https:\/\/www.facebook.com\/florilegedevie","article_modified_time":"2021-09-24T20:36:17+00:00","twitter_card":"summary_large_image","twitter_misc":{"Est. reading time":"6 minutes"},"schema":{"@context":"https:\/\/schema.org","@graph":[{"@type":"WebPage","@id":"https:\/\/florilege.it\/en\/manifesto\/","url":"https:\/\/florilege.it\/en\/manifesto\/","name":"Manifesto &#8902; Floril\u00e8ge de Vie","isPartOf":{"@id":"https:\/\/florilege.it\/#website"},"datePublished":"2021-09-24T17:25:51+00:00","dateModified":"2021-09-24T20:36:17+00:00","breadcrumb":{"@id":"https:\/\/florilege.it\/en\/manifesto\/#breadcrumb"},"inLanguage":"en-US","potentialAction":[{"@type":"ReadAction","target":["https:\/\/florilege.it\/en\/manifesto\/"]}]},{"@type":"BreadcrumbList","@id":"https:\/\/florilege.it\/en\/manifesto\/#breadcrumb","itemListElement":[{"@type":"ListItem","position":1,"name":"Home","item":"https:\/\/florilege.it\/en\/"},{"@type":"ListItem","position":2,"name":"Manifesto"}]},{"@type":"WebSite","@id":"https:\/\/florilege.it\/#website","url":"https:\/\/florilege.it\/","name":"Floril\u00e8ge de Vie","description":"","publisher":{"@id":"https:\/\/florilege.it\/#organization"},"potentialAction":[{"@type":"SearchAction","target":{"@type":"EntryPoint","urlTemplate":"https:\/\/florilege.it\/?s={search_term_string}"},"query-input":{"@type":"PropertyValueSpecification","valueRequired":true,"valueName":"search_term_string"}}],"inLanguage":"en-US"},{"@type":"Organization","@id":"https:\/\/florilege.it\/#organization","name":"Floril\u00e8ge de Vie | Jewels","url":"https:\/\/florilege.it\/","logo":{"@type":"ImageObject","inLanguage":"en-US","@id":"https:\/\/florilege.it\/#\/schema\/logo\/image\/","url":"https:\/\/florilege.it\/wp-content\/uploads\/2021\/07\/florilege-logo-purple.png","contentUrl":"https:\/\/florilege.it\/wp-content\/uploads\/2021\/07\/florilege-logo-purple.png","width":605,"height":146,"caption":"Floril\u00e8ge de Vie | Jewels"},"image":{"@id":"https:\/\/florilege.it\/#\/schema\/logo\/image\/"},"sameAs":["https:\/\/www.facebook.com\/florilegedevie","https:\/\/www.instagram.com\/florilegedevie\/"]}]}},"_links":{"self":[{"href":"https:\/\/florilege.it\/en\/wp-json\/wp\/v2\/pages\/1385","targetHints":{"allow":["GET"]}}],"collection":[{"href":"https:\/\/florilege.it\/en\/wp-json\/wp\/v2\/pages"}],"about":[{"href":"https:\/\/florilege.it\/en\/wp-json\/wp\/v2\/types\/page"}],"author":[{"embeddable":true,"href":"https:\/\/florilege.it\/en\/wp-json\/wp\/v2\/users\/1"}],"replies":[{"embeddable":true,"href":"https:\/\/florilege.it\/en\/wp-json\/wp\/v2\/comments?post=1385"}],"version-history":[{"count":4,"href":"https:\/\/florilege.it\/en\/wp-json\/wp\/v2\/pages\/1385\/revisions"}],"predecessor-version":[{"id":1429,"href":"https:\/\/florilege.it\/en\/wp-json\/wp\/v2\/pages\/1385\/revisions\/1429"}],"wp:attachment":[{"href":"https:\/\/florilege.it\/en\/wp-json\/wp\/v2\/media?parent=1385"}],"curies":[{"name":"wp","href":"https:\/\/api.w.org\/{rel}","templated":true}]}}